{"id":10,"date":"2015-04-02T19:12:06","date_gmt":"2015-04-02T19:12:06","guid":{"rendered":"http:\/\/der-freie-geist.localhost\/english\/?page_id=10"},"modified":"2019-12-29T15:07:21","modified_gmt":"2019-12-29T15:07:21","slug":"privacy-policy","status":"publish","type":"page","link":"https:\/\/edimaurer.de\/english\/privacy-policy","title":{"rendered":"Privacy Policy"},"content":{"rendered":"<h2>Privacy Policy<\/h2>\n<p>We appreciate your interest in our site, the-free-spirit.de. If personal data from you becomes known to us, it is protected within the framework of legal regulations. They will be used by us only for correspondence and to process any orders and will not be passed on to third parties. At all times, you have the right to be informed about any information stored relating to your person.<\/p>\n<p>Wir freuen uns \u00fcber Ihr Interesse an unserer Website der-freie-geist.de. Soweit uns hierdurch personenbezogene Daten von Ihnen bekannt werden, werden diese im Rahmen der gesetzlichen Vorschriften gesch\u00fctzt. Personenbezogene Daten sind Einzelangaben \u00fcber pers\u00f6nliche oder sachliche Verh\u00e4ltnisse einer bestimmten oder bestimmbaren nat\u00fcrlichen Person. Darunter fallen Informationen wie der b\u00fcrgerliche Name, die Anschrift, die E-Mail-Adresse, die Telefonnummer und das Geburtsdatum.<br \/>\nVon uns wird ausschlie\u00dflich f\u00fcr den Versand Ihrer Bestellung von Gratis-Drucksachen nur Ihre Postadresse erbeten, um Ihnen das gew\u00fcnschte Material zusenden zu k\u00f6nnen. Soweit auf unseren Seiten also personenbezogene Daten (Name, Anschrift und E-Mail Adresse) erhoben werden, erfolgt dies also ausschlie\u00dflich auf freiwilliger Basis, um Ihre Anfragen erf\u00fcllen zu k\u00f6nnen. Nehmen Sie von sich aus per E-Mail Kontakt auf, um zum Beispiel Fragen an uns zu stellen, antworten wir nur im einfachen &#8220;R\u00fcckantworts&#8221;-Verfahren auf diese Mail und verwenden die Daten in dieser Mail nicht anderweitig.<br \/>\nAlle diese Daten werden folglich unter Beachtung der einschl\u00e4gigen Vorschriften des Bundesdatenschutzgesetzes (BDSG) und des Telemediengesetzes (TMG) von uns gespeichert und verarbeitet. Eine Zusammenf\u00fchrung dieser Daten mit anderen Datenquellen wird nicht vorgenommen. Und sie werden selbstverst\u00e4ndlich auch nicht an Dritte weitergegeben. Sie haben auch jederzeit das Recht auf Auskunft \u00fcber bez\u00fcglich Ihrer Person eventuell archivierte Informationen. Weitere Details lesen Sie in den nachfolgenden Erg\u00e4nzungen.<\/p>\n<p><b>Verantwortliche Stelle f\u00fcr die Datenerhebung i.S.d. \u00a7 13 Abs. 1 TMG \/ \u00a7 3 Abs. 7 BDSG und Kontaktadresse ist <\/b><\/p>\n<p>Dieter Potzel<br \/>\nM.-Braun-Str. 4<br \/>\n97828 Marktheidenfeld<\/p>\n<p>E-mail: <a title=\"\" href=\"mailto:post@gemurer.de\" target=\"_blank\" rel=\"noopener\"> post@gemurer.de<\/a><br \/>\nInternet: www.der-freie-geist.de<\/p>\n<p>Die Verwendung der Kontaktdaten des Impressums zur gewerblichen Werbung ist ausdr\u00fccklich nicht erw\u00fcnscht. Als Verantwortlicher f\u00fcr diese Seiten und im Namen aller auf dieser Webseite genannten Personen widersprechen wir hiermit jeder kommerziellen Verwendung und Weitergabe der Daten.<\/p>\n<p><b>Anonyme \/ pseudonymisierte Nutzung der Internetseite<\/b><\/p>\n<p>Sie k\u00f6nnen unsere Internetseite grunds\u00e4tzlich ohne Angabe von personenbezogenen Daten besuchen. Wir verwenden zur Erstellung dieser Internetseite das Programm von WordPress.com. Spezifische datenrelevante Aspekte bei Verwendung dieser Plattform, die teilweise auch auf diese Seite zutreffen k\u00f6nnen, entnehmen Sie bitte der Erkl\u00e4rung unter https:\/\/theologen.wordpress.com\/datenschutzerklaerung\/ mit detaillierteren Hinweisen zu WordPress. Eine Zugriffsstatistik haben wir f\u00fcr die Seite der-freie-geist.de nicht installiert.<\/p>\n<p><b>Datensicherheit<\/b><\/p>\n<p>Wir weisen ausdr\u00fccklich darauf hin, dass die Daten\u00fcbertragung im Internet (z. B. bei der Kommunikation per E-Mail) Sicherheitsl\u00fccken aufweisen und nicht l\u00fcckenlos vor dem Zugriff durch Dritte gesch\u00fctzt werden kann.<\/p>\n<p><b>Statistische Auswertung der Besuche dieser Internetseite<\/b><\/p>\n<p>Wir erheben, speichern oder verarbeiten weder IP-Adressen noch sonstige Informationen \u00fcber Web-Seiten, von denen auf unsere Seiten zugegriffen wird, auch nicht zu rein statistischen Zwecken.<\/p>\n<p><b>Dienste Dritter<\/b><\/p>\n<p>Innerhalb unserer Website k\u00f6nnten teilweise Inhalte Dritter eingebunden sein. Hierzu ben\u00f6tigen diese Drittanbieter die IP-Adresse des Nutzers, um Inhalte an dessen Browser zu senden. Wir haben allerdings keinen Einfluss darauf, wenn diese Drittanbieter die IP-Adresse f\u00fcr statistische Zwecke speichern.<\/p>\n<p><b>Ihre Rechte<\/b><\/p>\n<p>Sie haben jederzeit das Recht auf kostenfreie Auskunft \u00fcber die bez\u00fcglich Ihrer Person eventuell archivierte Daten und deren Herkunft, und Sie k\u00f6nnen jederzeit die komplette L\u00f6schung verlangen, sollten noch Daten gespeichert sein. Bitte wenden Sie sich an post@gemurer.de oder senden Sie uns Ihr Anliegen per Post.<\/p>\n","protected":false},"excerpt":{"rendered":"<p>Privacy Policy We appreciate your interest in our site, the-free-spirit.de. If personal data from you becomes known to us, it is protected within the framework of legal regulations. They will be used by us only for correspondence and to process any orders and will not be passed on to third parties. At all times, you [&hellip;]<\/p>\n","protected":false},"author":5,"featured_media":0,"parent":0,"menu_order":0,"comment_status":"open","ping_status":"open","template":"","meta":[],"acf":[],"_links":{"self":[{"href":"https:\/\/edimaurer.de\/english\/wp-json\/wp\/v2\/pages\/10"}],"collection":[{"href":"https:\/\/edimaurer.de\/english\/wp-json\/wp\/v2\/pages"}],"about":[{"href":"https:\/\/edimaurer.de\/english\/wp-json\/wp\/v2\/types\/page"}],"author":[{"embeddable":true,"href":"https:\/\/edimaurer.de\/english\/wp-json\/wp\/v2\/users\/5"}],"replies":[{"embeddable":true,"href":"https:\/\/edimaurer.de\/english\/wp-json\/wp\/v2\/comments?post=10"}],"version-history":[{"count":7,"href":"https:\/\/edimaurer.de\/english\/wp-json\/wp\/v2\/pages\/10\/revisions"}],"predecessor-version":[{"id":138,"href":"https:\/\/edimaurer.de\/english\/wp-json\/wp\/v2\/pages\/10\/revisions\/138"}],"wp:attachment":[{"href":"https:\/\/edimaurer.de\/english\/wp-json\/wp\/v2\/media?parent=10"}],"curies":[{"name":"wp","href":"https:\/\/api.w.org\/{rel}","templated":true}]}}