{"id":8,"date":"2015-04-02T19:09:25","date_gmt":"2015-04-02T19:09:25","guid":{"rendered":"http:\/\/der-freie-geist.localhost\/espanol\/?page_id=8"},"modified":"2019-12-05T09:45:20","modified_gmt":"2019-12-05T09:45:20","slug":"aviso-legal-y-direccion-de-contacto","status":"publish","type":"page","link":"https:\/\/edimaurer.de\/espanol\/aviso-legal-y-direccion-de-contacto","title":{"rendered":"Aviso legal y direcci\u00f3n de contacto"},"content":{"rendered":"<h2>Aviso legal y direcci\u00f3n de contacto<\/h2>\n<p>Dieter Potzel<br \/>\nPostfach 1443<br \/>\n97864 Wertheim<br \/>\nAlemania<\/p>\n<p>Correo electr\u00f3nico: info@elespiritulibre.de<\/p>\n<p>Responsable del contenido seg\u00fan \u00a7 10 p\u00e1rrafo 3 MDStV (Ley alemana de Servicios de la Sociedad de la Informaci\u00f3n y de Comercio Electr\u00f3nico): Dieter Potzel, M.-Braun-Stra\u00dfe 4, 97828 Marktheidenfeld<\/p>\n<p>Sin n\u00famero de registro ni de identificaci\u00f3n fiscal por tratarse de una p\u00e1gina sin fines comerciales.<\/p>\n<h2>Aviso sobre responsabilidad<\/h2>\n<p>Aunque controlamos exhaustivamente sus contenidos, no nos responsabilizamos por enlaces externos. \u00danicamente el gestor de dichos enlaces es responsable de su contenido.<\/p>\n","protected":false},"excerpt":{"rendered":"<p>Aviso legal y direcci\u00f3n de contacto Dieter Potzel Postfach 1443 97864 Wertheim Alemania Correo electr\u00f3nico: info@elespiritulibre.de Responsable del contenido seg\u00fan \u00a7 10 p\u00e1rrafo 3 MDStV (Ley alemana de Servicios de la Sociedad de la Informaci\u00f3n y de Comercio Electr\u00f3nico): Dieter Potzel, M.-Braun-Stra\u00dfe 4, 97828 Marktheidenfeld Sin n\u00famero de registro ni de identificaci\u00f3n fiscal por tratarse [&hellip;]<\/p>\n","protected":false},"author":5,"featured_media":0,"parent":0,"menu_order":0,"comment_status":"open","ping_status":"open","template":"","meta":[],"acf":[],"_links":{"self":[{"href":"https:\/\/edimaurer.de\/espanol\/wp-json\/wp\/v2\/pages\/8"}],"collection":[{"href":"https:\/\/edimaurer.de\/espanol\/wp-json\/wp\/v2\/pages"}],"about":[{"href":"https:\/\/edimaurer.de\/espanol\/wp-json\/wp\/v2\/types\/page"}],"author":[{"embeddable":true,"href":"https:\/\/edimaurer.de\/espanol\/wp-json\/wp\/v2\/users\/5"}],"replies":[{"embeddable":true,"href":"https:\/\/edimaurer.de\/espanol\/wp-json\/wp\/v2\/comments?post=8"}],"version-history":[{"count":4,"href":"https:\/\/edimaurer.de\/espanol\/wp-json\/wp\/v2\/pages\/8\/revisions"}],"predecessor-version":[{"id":117,"href":"https:\/\/edimaurer.de\/espanol\/wp-json\/wp\/v2\/pages\/8\/revisions\/117"}],"wp:attachment":[{"href":"https:\/\/edimaurer.de\/espanol\/wp-json\/wp\/v2\/media?parent=8"}],"curies":[{"name":"wp","href":"https:\/\/api.w.org\/{rel}","templated":true}]}}