{"id":7,"date":"2015-04-02T16:54:30","date_gmt":"2015-04-02T16:54:30","guid":{"rendered":"http:\/\/der-freie-geist.localhost\/francais\/?page_id=4"},"modified":"2022-02-19T19:57:58","modified_gmt":"2022-02-19T19:57:58","slug":"lorem-ipsum","status":"publish","type":"page","link":"https:\/\/edimaurer.de\/francais\/","title":{"rendered":"Home"},"content":{"rendered":"\n<h1 id=\"tw-target-text\"><span style=\"color:#a35800\" class=\"has-inline-color\"><strong>Bienvenue!<\/strong> <\/span><\/h1>\n\n\n\n<p><\/p>\n\n\n\n<h3 id=\"tw-target-text\"><span class=\"has-inline-color has-black-color\">Pour information : Ce texte n&#8217;est qu&#8217;une traduction avec un programme. Il fait des erreurs. Merci pour votre compr\u00e9hension.<\/span><\/h3>\n\n\n\n<p><\/p>\n\n\n\n<h3 id=\"tw-target-text\"><span class=\"has-inline-color has-black-color\">Ces vid\u00e9os sont produites par moi sous ma propre responsabilit\u00e9. Je suis un chr\u00e9tien libre et m&#8217;oriente avant tout vers les \u00e9crits apocryphes et proph\u00e9tiques qui n&#8217;ont pas \u00e9t\u00e9 forc\u00e9s par le chas d&#8217;une aiguille cl\u00e9ricale.<\/span><\/h3>\n\n\n\n<p><\/p>\n\n\n\n<h3 id=\"tw-target-text\"><span class=\"has-inline-color has-black-color\">Le but de ces vid\u00e9os est de sensibiliser nos fr\u00e8res fr\u00e8res &#8211; les animaux &#8211; et de les voir comme des cr\u00e9atures spirituelles de Dieu que nous devons respecter et non tuer.<\/span><\/h3>\n\n\n\n<p><\/p>\n\n\n\n<h3 id=\"tw-target-text\"><span class=\"has-inline-color has-black-color\">Un autre objectif est de r\u00e9habiliter le nom du Christ et de Dieu en pr\u00e9cisant que les crimes commis et commis au nom de Dieu (voir la s\u00e9rie de vid\u00e9os Church&#8217;s Blood Trail) n&#8217;ont rien \u00e0 voir avec Dieu ou le Christ &#8211; au contraire.<\/span><\/h3>\n\n\n\n<p><\/p>\n\n\n\n<h3 id=\"tw-target-text\"><span class=\"has-inline-color has-black-color\">Je respecte les autres opinions et j&#8217;esp\u00e8re que moi aussi j&#8217;obtiendrai une vision diff\u00e9rente des choses. En fin de compte, chacun doit d\u00e9cider par lui-m\u00eame si le contenu des vid\u00e9os lui convient ou non.<\/span><\/h3>\n\n\n\n<p><\/p>\n\n\n\n<h3 id=\"tw-target-text\"><span class=\"has-inline-color has-black-color\">Je tiens \u00e0 remercier tous ceux qui voudraient soutenir la production de ces vid\u00e9os : N&#8217;ayant plus de revenus depuis un certain temps et \u00e9tant d\u00e9pendant d&#8217;une petite pension, je ne peux plus financer seul la production des vid\u00e9os. C&#8217;est pourquoi, sur les conseils de certains t\u00e9l\u00e9spectateurs, j&#8217;ai cr\u00e9\u00e9 un compte de don. Les dons re\u00e7us sont r\u00e9guli\u00e8rement publi\u00e9s avec les initiales des donateurs sur la cha\u00eene YouTube Edi Maurer (&#8220;Communaut\u00e9&#8221;), afin que chacun puisse avoir une vision ouverte et un aper\u00e7u du soutien financier. Voir aussi la rubrique &#8220;Dons&#8221;.<\/span><\/h3>\n\n\n\n<pre id=\"tw-target-rmn\" class=\"wp-block-preformatted\"><\/pre>\n","protected":false},"excerpt":{"rendered":"<p>Bienvenue! Pour information : Ce texte n&#8217;est qu&#8217;une traduction avec un programme. Il fait des erreurs. Merci pour votre compr\u00e9hension. Ces vid\u00e9os sont produites par moi sous ma propre responsabilit\u00e9. Je suis un chr\u00e9tien libre et m&#8217;oriente avant tout vers les \u00e9crits apocryphes et proph\u00e9tiques qui n&#8217;ont pas \u00e9t\u00e9 forc\u00e9s par le chas d&#8217;une aiguille [&hellip;]<\/p>\n","protected":false},"author":5,"featured_media":0,"parent":0,"menu_order":0,"comment_status":"open","ping_status":"closed","template":"","meta":[],"acf":[],"_links":{"self":[{"href":"https:\/\/edimaurer.de\/francais\/wp-json\/wp\/v2\/pages\/7"}],"collection":[{"href":"https:\/\/edimaurer.de\/francais\/wp-json\/wp\/v2\/pages"}],"about":[{"href":"https:\/\/edimaurer.de\/francais\/wp-json\/wp\/v2\/types\/page"}],"author":[{"embeddable":true,"href":"https:\/\/edimaurer.de\/francais\/wp-json\/wp\/v2\/users\/5"}],"replies":[{"embeddable":true,"href":"https:\/\/edimaurer.de\/francais\/wp-json\/wp\/v2\/comments?post=7"}],"version-history":[{"count":10,"href":"https:\/\/edimaurer.de\/francais\/wp-json\/wp\/v2\/pages\/7\/revisions"}],"predecessor-version":[{"id":340,"href":"https:\/\/edimaurer.de\/francais\/wp-json\/wp\/v2\/pages\/7\/revisions\/340"}],"wp:attachment":[{"href":"https:\/\/edimaurer.de\/francais\/wp-json\/wp\/v2\/media?parent=7"}],"curies":[{"name":"wp","href":"https:\/\/api.w.org\/{rel}","templated":true}]}}