{"id":8,"date":"2015-04-02T19:10:06","date_gmt":"2015-04-02T19:10:06","guid":{"rendered":"http:\/\/der-freie-geist.localhost\/francais\/?page_id=8"},"modified":"2019-12-05T09:47:00","modified_gmt":"2019-12-05T09:47:00","slug":"mentions-legales","status":"publish","type":"page","link":"https:\/\/edimaurer.de\/francais\/mentions-legales","title":{"rendered":"Mentions l\u00e9gales"},"content":{"rendered":"<h2>Mentions l\u00e9gales<\/h2>\n<p>Dieter Potzel<br \/>\nPostfach 1443<br \/>\n97864 Wertheim<br \/>\nAllemagne<\/p>\n<p>Email: info@lesprit-libre.de<\/p>\n<p>Responsable du contenu selon \u00a7 10, alin\u00e9a 3 du MDStV (Mediendienstestaatsvertrag): Dieter Potzel, M.-Braun-Stra\u00dfe 4, 97828 Marktheidenfeld<\/p>\n<p>Ce site n\u2019\u00e9tant pas commercial, il n\u2019est pas inscrit au registre du commerce et n\u2019a pas de n\u00b0 de TVA.<\/p>\n<h2>Pr\u00e9cision relative \u00e0 la responsabilit\u00e9:<\/h2>\n<p>Malgr\u00e9 un examen consciencieux du contenu des sites dont nous proposons les liens externes, nous ne prenons aucune responsabilit\u00e9 concernant leur contenu, dont seuls sont responsables leurs administrateurs.<\/p>\n","protected":false},"excerpt":{"rendered":"<p>Mentions l\u00e9gales Dieter Potzel Postfach 1443 97864 Wertheim Allemagne Email: info@lesprit-libre.de Responsable du contenu selon \u00a7 10, alin\u00e9a 3 du MDStV (Mediendienstestaatsvertrag): Dieter Potzel, M.-Braun-Stra\u00dfe 4, 97828 Marktheidenfeld Ce site n\u2019\u00e9tant pas commercial, il n\u2019est pas inscrit au registre du commerce et n\u2019a pas de n\u00b0 de TVA. Pr\u00e9cision relative \u00e0 la responsabilit\u00e9: Malgr\u00e9 un [&hellip;]<\/p>\n","protected":false},"author":5,"featured_media":0,"parent":0,"menu_order":0,"comment_status":"open","ping_status":"open","template":"","meta":[],"acf":[],"_links":{"self":[{"href":"https:\/\/edimaurer.de\/francais\/wp-json\/wp\/v2\/pages\/8"}],"collection":[{"href":"https:\/\/edimaurer.de\/francais\/wp-json\/wp\/v2\/pages"}],"about":[{"href":"https:\/\/edimaurer.de\/francais\/wp-json\/wp\/v2\/types\/page"}],"author":[{"embeddable":true,"href":"https:\/\/edimaurer.de\/francais\/wp-json\/wp\/v2\/users\/5"}],"replies":[{"embeddable":true,"href":"https:\/\/edimaurer.de\/francais\/wp-json\/wp\/v2\/comments?post=8"}],"version-history":[{"count":2,"href":"https:\/\/edimaurer.de\/francais\/wp-json\/wp\/v2\/pages\/8\/revisions"}],"predecessor-version":[{"id":152,"href":"https:\/\/edimaurer.de\/francais\/wp-json\/wp\/v2\/pages\/8\/revisions\/152"}],"wp:attachment":[{"href":"https:\/\/edimaurer.de\/francais\/wp-json\/wp\/v2\/media?parent=8"}],"curies":[{"name":"wp","href":"https:\/\/api.w.org\/{rel}","templated":true}]}}