{"id":16,"date":"2022-02-11T15:23:31","date_gmt":"2022-02-11T14:23:31","guid":{"rendered":"https:\/\/edimaurer.de\/hrvatski\/?page_id=16"},"modified":"2022-02-14T11:23:26","modified_gmt":"2022-02-14T10:23:26","slug":"home","status":"publish","type":"page","link":"https:\/\/edimaurer.de\/hrvatski\/","title":{"rendered":"Home"},"content":{"rendered":"\n<h1><strong><span style=\"color:#b95f40\" class=\"has-inline-color\">Srda\u010dno dobro do\u0161li!<\/span><\/strong><\/h1>\n\n\n\n<p>Ove video snimke produciram na vlastitu odgovornost. Slobodan sam kr\u0161\u0107anin i prvenstveno se orijentiram na apokrifne i proro\u010dke spise, odnosno, nekanonske, na one koji nisu bili po smislu otu\u0111eni niti provu\u010deni kroz u\u0161icu klerikalne igle.<\/p>\n\n\n\n<p>Cilj ovih videa je, pridonjeti izo\u0161travanja svijesti za na\u0161u subra\u0107u &#8211; \u017eivotinje \u2013 kako bi ih gledali kao Bo\u017eja stvorenja, koja bismo trebali po\u0161tovati, a ne ubijati.<\/p>\n\n\n\n<p>Jedan daljnji cilj videa je, rehabilitirati ime Krista i Boga, i to poja\u0161njavanjem, da zlo\u010dini koji su po\u010dinjeni i se \u010dine u ime Boga (vidi serijal videa \u201cKrvavi trag Crkve\u201d) nemaju nikakve veze s Bogom ili Kristom \u2013 naprotiv.<\/p>\n\n\n\n<p>Po\u0161tujem druga mi\u0161ljenja i nadam se, da \u0107e i meni biti priznat druga\u010diji pogled na stvari. U kona\u010dnici, svatko mora sam odlu\u010diti dali sadr\u017eaj videa njemu odgovara ili ne.<\/p>\n\n\n\n<p>Zahvaljujem se svima koji \u017eele podr\u017eati produkciju ovih videa: Kako ve\u0107 neko vrijeme nemam primanja i ovisan sam o maloj mirovini, vi\u0161e ne mogu sam financirati produkciju spotova. Stoga sam, na savjet nekih gledatelja, otvorio ra\u010dun za donacije. Pristigle donacije redovito se objavljuju s inicijalima donatora na YouTube kanalu Edi Maurer (\u201cZajedni\u0161tvo\u201d), kako bi svi mogli imati otvoren pogled o financijskoj potpori.<\/p>\n\n\n\n<p>Pogledajte tako\u0111er i rubriku donacija.<\/p>\n","protected":false},"excerpt":{"rendered":"<p>Srda\u010dno dobro do\u0161li! Ove video snimke produciram na vlastitu odgovornost. Slobodan sam kr\u0161\u0107anin i prvenstveno se orijentiram na apokrifne i proro\u010dke spise, odnosno, nekanonske, na one koji nisu bili po smislu otu\u0111eni niti provu\u010deni kroz u\u0161icu klerikalne igle. Cilj ovih videa je, pridonjeti izo\u0161travanja svijesti za na\u0161u subra\u0107u &#8211; \u017eivotinje \u2013 kako bi ih gledali [&hellip;]<\/p>\n","protected":false},"author":9,"featured_media":0,"parent":0,"menu_order":0,"comment_status":"closed","ping_status":"closed","template":"","meta":[],"acf":[],"_links":{"self":[{"href":"https:\/\/edimaurer.de\/hrvatski\/wp-json\/wp\/v2\/pages\/16"}],"collection":[{"href":"https:\/\/edimaurer.de\/hrvatski\/wp-json\/wp\/v2\/pages"}],"about":[{"href":"https:\/\/edimaurer.de\/hrvatski\/wp-json\/wp\/v2\/types\/page"}],"author":[{"embeddable":true,"href":"https:\/\/edimaurer.de\/hrvatski\/wp-json\/wp\/v2\/users\/9"}],"replies":[{"embeddable":true,"href":"https:\/\/edimaurer.de\/hrvatski\/wp-json\/wp\/v2\/comments?post=16"}],"version-history":[{"count":3,"href":"https:\/\/edimaurer.de\/hrvatski\/wp-json\/wp\/v2\/pages\/16\/revisions"}],"predecessor-version":[{"id":21,"href":"https:\/\/edimaurer.de\/hrvatski\/wp-json\/wp\/v2\/pages\/16\/revisions\/21"}],"wp:attachment":[{"href":"https:\/\/edimaurer.de\/hrvatski\/wp-json\/wp\/v2\/media?parent=16"}],"curies":[{"name":"wp","href":"https:\/\/api.w.org\/{rel}","templated":true}]}}