{"id":7,"date":"2022-02-11T15:26:04","date_gmt":"2022-02-11T14:26:04","guid":{"rendered":"https:\/\/edimaurer.de\/portugues\/?page_id=7"},"modified":"2022-02-19T20:34:43","modified_gmt":"2022-02-19T19:34:43","slug":"home","status":"publish","type":"page","link":"https:\/\/edimaurer.de\/portugues\/","title":{"rendered":"Home"},"content":{"rendered":"\n<h1 id=\"tw-target-text\"><strong>Receber!<\/strong> <\/h1>\n\n\n\n<p><\/p>\n\n\n\n<p id=\"tw-target-text\">Para informa\u00e7\u00e3o: Este texto \u00e9 apenas uma tradu\u00e7\u00e3o com um programa. Ele comete erros. Obrigado pela sua compreens\u00e3o.    <\/p>\n\n\n\n<p><\/p>\n\n\n\n<p id=\"tw-target-text\">Esses v\u00eddeos s\u00e3o produzidos por mim sob minha pr\u00f3pria responsabilidade. Sou um crist\u00e3o livre e oriento-me sobretudo pelos escritos ap\u00f3crifos e prof\u00e9ticos que n\u00e3o foram for\u00e7ados pelo buraco de uma agulha clerical.<\/p>\n\n\n\n<p><\/p>\n\n\n\n<p id=\"tw-target-text\"> O objetivo desses v\u00eddeos \u00e9 conscientizar nossos irm\u00e3os &#8211; os animais &#8211; e v\u00ea-los como criaturas de Deus com alma que devemos respeitar e n\u00e3o matar.  <\/p>\n\n\n\n<p><\/p>\n\n\n\n<p id=\"tw-target-text\">Outro objetivo \u00e9 reabilitar o nome de Cristo e de Deus, esclarecendo que os crimes cometidos e cometidos em nome de Deus (veja a s\u00e9rie de v\u00eddeos \u201cThe Church&#8217;s Blood Trail\u201d) n\u00e3o t\u00eam nada a ver com Deus ou Cristo \u2013 pelo contr\u00e1rio.  <\/p>\n\n\n\n<p><\/p>\n\n\n\n<p id=\"tw-target-text\">Respeito outras opini\u00f5es e espero que tamb\u00e9m me seja concedida uma vis\u00e3o diferente das coisas. Em \u00faltima an\u00e1lise, todos t\u00eam que decidir por si mesmos se o conte\u00fado dos v\u00eddeos \u00e9 adequado para eles ou n\u00e3o. <\/p>\n\n\n\n<p><\/p>\n\n\n\n<p id=\"tw-target-text\"> Gostaria de agradecer a todos que gostariam de apoiar a produ\u00e7\u00e3o desses v\u00eddeos: Como n\u00e3o tenho renda h\u00e1 algum tempo e sou dependente de uma pequena pens\u00e3o, n\u00e3o posso mais financiar a produ\u00e7\u00e3o dos v\u00eddeos por conta pr\u00f3pria. Portanto, seguindo o conselho de alguns espectadores, criei uma conta de doa\u00e7\u00e3o. As doa\u00e7\u00f5es recebidas s\u00e3o publicadas regularmente com as iniciais dos doadores no canal do YouTube Edi Maurer (\u201cComunidade\u201d), para que todos possam ter uma vis\u00e3o aberta e vis\u00e3o geral do apoio financeiro. Veja tamb\u00e9m a se\u00e7\u00e3o &#8220;Doa\u00e7\u00f5es&#8221;<\/p>\n\n\n\n<pre id=\"tw-target-rmn\" class=\"wp-block-preformatted\"><\/pre>\n","protected":false},"excerpt":{"rendered":"<p>Receber! Para informa\u00e7\u00e3o: Este texto \u00e9 apenas uma tradu\u00e7\u00e3o com um programa. Ele comete erros. Obrigado pela sua compreens\u00e3o. Esses v\u00eddeos s\u00e3o produzidos por mim sob minha pr\u00f3pria responsabilidade. Sou um crist\u00e3o livre e oriento-me sobretudo pelos escritos ap\u00f3crifos e prof\u00e9ticos que n\u00e3o foram for\u00e7ados pelo buraco de uma agulha clerical. O objetivo desses v\u00eddeos [&hellip;]<\/p>\n","protected":false},"author":9,"featured_media":0,"parent":0,"menu_order":0,"comment_status":"closed","ping_status":"closed","template":"","meta":[],"acf":[],"_links":{"self":[{"href":"https:\/\/edimaurer.de\/portugues\/wp-json\/wp\/v2\/pages\/7"}],"collection":[{"href":"https:\/\/edimaurer.de\/portugues\/wp-json\/wp\/v2\/pages"}],"about":[{"href":"https:\/\/edimaurer.de\/portugues\/wp-json\/wp\/v2\/types\/page"}],"author":[{"embeddable":true,"href":"https:\/\/edimaurer.de\/portugues\/wp-json\/wp\/v2\/users\/9"}],"replies":[{"embeddable":true,"href":"https:\/\/edimaurer.de\/portugues\/wp-json\/wp\/v2\/comments?post=7"}],"version-history":[{"count":2,"href":"https:\/\/edimaurer.de\/portugues\/wp-json\/wp\/v2\/pages\/7\/revisions"}],"predecessor-version":[{"id":15,"href":"https:\/\/edimaurer.de\/portugues\/wp-json\/wp\/v2\/pages\/7\/revisions\/15"}],"wp:attachment":[{"href":"https:\/\/edimaurer.de\/portugues\/wp-json\/wp\/v2\/media?parent=7"}],"curies":[{"name":"wp","href":"https:\/\/api.w.org\/{rel}","templated":true}]}}