{"id":8,"date":"2022-02-11T15:26:53","date_gmt":"2022-02-11T14:26:53","guid":{"rendered":"https:\/\/edimaurer.de\/slovencina\/?page_id=8"},"modified":"2022-02-19T21:13:15","modified_gmt":"2022-02-19T20:13:15","slug":"home","status":"publish","type":"page","link":"https:\/\/edimaurer.de\/slovencina\/","title":{"rendered":"Home"},"content":{"rendered":"\n<h1 id=\"tw-target-text\"><span style=\"color:#a34f00\" class=\"has-inline-color\">Dobrodo\u0161li!<\/span> <\/h1>\n\n\n\n<p><\/p>\n\n\n\n<h2 id=\"tw-target-text\"><span class=\"has-inline-color has-black-color\">Za informacije: To besedilo je samo prevod s programom. Dela napake. Hvala za razumevanje. <\/span><\/h2>\n\n\n\n<p><\/p>\n\n\n\n<h2 id=\"tw-target-text\"><span class=\"has-inline-color has-black-color\">Te videoposnetke ustvarjam jaz na lastno odgovornost. Sem svoboden kristjan in se orientiram predvsem na apokrifne in prero\u0161ke spise, ki niso bili vsiljeni skozi klerikalno uho. <\/span><\/h2>\n\n\n\n<p><\/p>\n\n\n\n<h2 id=\"tw-target-text\"><span class=\"has-inline-color has-black-color\">Cilj teh videoposnetkov je ozave\u0161\u010dati na\u0161e sobrate \u2013 \u017eivali \u2013 in jih videti kot bo\u017eja bitja z du\u0161o, ki bi jih morali spo\u0161tovati in ne ubijati.<\/span> <\/h2>\n\n\n\n<p><\/p>\n\n\n\n<h2 id=\"tw-target-text\"><span class=\"has-inline-color has-black-color\">Drugi cilj je rehabilitacija imena Kristusa in Boga s pojasnitvijo, da zlo\u010dini, storjeni in storjeni v imenu Boga (glej video serijo \u00bbKrvna sled Cerkve\u00ab), nimajo ni\u010d skupnega z Bogom ali Kristusom \u2013 ravno nasprotno.<\/span> <\/h2>\n\n\n\n<p><\/p>\n\n\n\n<h2 id=\"tw-target-text\"><span class=\"has-inline-color has-black-color\">Spo\u0161tujem druga mnenja in upam, da bom tudi jaz dobil druga\u010den pogled na stvari. Navsezadnje se mora vsak sam odlo\u010diti, ali mu vsebina videov ustreza ali ne. <\/span><\/h2>\n\n\n\n<p><\/p>\n\n\n\n<h2 id=\"tw-target-text\"><span class=\"has-inline-color has-black-color\">Rad bi se zahvalil vsem, ki bi \u017eeleli podpreti produkcijo teh videov: Ker \u017ee nekaj \u010dasa nimam dohodka in sem odvisen od majhne pokojnine, ne morem ve\u010d sam financirati produkcije videospotov. Zato sem po nasvetu nekaterih gledalcev odprla ra\u010dun za donacije. Prejete donacije redno objavljamo z za\u010detnicami donatorjev na YouTube kanalu Edi Maurer (\u00bbSkupnost\u00ab), tako da ima vsakdo odprt pogled in pregled nad finan\u010dno podporo. Glejte tudi razdelek \u00bbDonacije\u00ab.<\/span><\/h2>\n\n\n\n<pre id=\"tw-target-rmn\" class=\"wp-block-preformatted\"><\/pre>\n\n\n\n<p><\/p>\n","protected":false},"excerpt":{"rendered":"<p>Dobrodo\u0161li! Za informacije: To besedilo je samo prevod s programom. Dela napake. Hvala za razumevanje. Te videoposnetke ustvarjam jaz na lastno odgovornost. Sem svoboden kristjan in se orientiram predvsem na apokrifne in prero\u0161ke spise, ki niso bili vsiljeni skozi klerikalno uho. Cilj teh videoposnetkov je ozave\u0161\u010dati na\u0161e sobrate \u2013 \u017eivali \u2013 in jih videti kot [&hellip;]<\/p>\n","protected":false},"author":9,"featured_media":0,"parent":0,"menu_order":0,"comment_status":"closed","ping_status":"closed","template":"","meta":[],"acf":[],"_links":{"self":[{"href":"https:\/\/edimaurer.de\/slovencina\/wp-json\/wp\/v2\/pages\/8"}],"collection":[{"href":"https:\/\/edimaurer.de\/slovencina\/wp-json\/wp\/v2\/pages"}],"about":[{"href":"https:\/\/edimaurer.de\/slovencina\/wp-json\/wp\/v2\/types\/page"}],"author":[{"embeddable":true,"href":"https:\/\/edimaurer.de\/slovencina\/wp-json\/wp\/v2\/users\/9"}],"replies":[{"embeddable":true,"href":"https:\/\/edimaurer.de\/slovencina\/wp-json\/wp\/v2\/comments?post=8"}],"version-history":[{"count":6,"href":"https:\/\/edimaurer.de\/slovencina\/wp-json\/wp\/v2\/pages\/8\/revisions"}],"predecessor-version":[{"id":18,"href":"https:\/\/edimaurer.de\/slovencina\/wp-json\/wp\/v2\/pages\/8\/revisions\/18"}],"wp:attachment":[{"href":"https:\/\/edimaurer.de\/slovencina\/wp-json\/wp\/v2\/media?parent=8"}],"curies":[{"name":"wp","href":"https:\/\/api.w.org\/{rel}","templated":true}]}}